{"id":27078,"date":"2021-06-18T06:00:36","date_gmt":"2021-06-18T06:00:36","guid":{"rendered":"https:\/\/www.aviationtrainingsolutions.fr\/politique-de-confidentialite\/"},"modified":"2024-01-05T13:54:46","modified_gmt":"2024-01-05T13:54:46","slug":"politique-de-confidentialite","status":"publish","type":"page","link":"https:\/\/www.aviationtrainingsolutions.fr\/en\/politique-de-confidentialite\/","title":{"rendered":"Privacy policy"},"content":{"rendered":"\n<h2 class=\"wp-block-heading\">IDENTITY OF THE DATA CONTROLLER<\/h2>\n\n\n\n<p>Publication manager: SAS A\u00e9ropyr\u00e9n\u00e9es  <\/p>\n\n\n\n<h2 class=\"wp-block-heading\">USE OF PERSONAL DATA COLLECTED<\/h2>\n\n\n\n<p><strong>CONTACT FORM<\/strong><br>The information collected on the contact form is name, email and your request.<br>SAS A\u00e9ropyr\u00e9n\u00e9es is the sole recipient of personal data and does not transfer its customer file.<\/p>\n\n\n\n<p><strong>COOKIES<\/strong><br>If you leave a comment on our site, you will be asked to save your name, e-mail address and website in cookies. This is for your convenience only, so that you don&#8217;t have to enter this information if you post another comment later. These cookies expire after one year.<\/p>\n\n\n\n<p>If you have an account and log on to this site, a temporary cookie will be created to determine whether your browser accepts cookies. It does not contain any personal data and will be deleted automatically when you close your browser.<\/p>\n\n\n\n<p>When you log in, we will set a number of cookies to store your login information and screen preferences. The lifetime of a connection cookie is two days, that of a screen option cookie is one year. If you check &#8220;Remember me&#8221;, your login cookie will be stored for two weeks. If you log out of your account, the login cookie will be deleted.<\/p>\n\n\n\n<p>By modifying or publishing a publication, an additional cookie will be stored in your browser. This cookie does not contain any personal data. It simply indicates the ID of the publication you have just modified. It expires after one day.<\/p>\n\n\n\n<p>To optimize the information offered on the website, we use cookies managed by our partners to measure the audience. This data is completely anonymous.<\/p>\n\n\n\n<p>Our partners&#8217; cookies :<\/p>\n\n\n\n<p>Cookies Partner Features<br>_ga<br>_gat<br>_gid<br>GOOGLE consent<\/p>\n\n\n\n<p>The information collected by these cookies allows us to :<\/p>\n\n\n\n<ul class=\"wp-block-list\">\n<li>measure site audience<\/li>\n\n\n\n<li>obtain statistics on site traffic<\/li>\n\n\n\n<li>assess your interest in our content and our various sections<\/li>\n<\/ul>\n\n\n\n<p><strong>EMBEDDED CONTENT FROM OTHER SITES<\/strong><br>Articles on this site may include embedded content (e.g. videos, images, articles, etc.). Content integrated from other sites behaves in the same way as if the visitor were visiting that other site.<\/p>\n\n\n\n<p>These websites may collect data about you, use cookies, embed third-party tracking tools, track your interactions with these embedded contents if you have a logged-in account on their website.<\/p>\n\n\n\n<h2 class=\"wp-block-heading\">use &amp; transmission of your personal data<\/h2>\n\n\n\n<p><strong>HOW LONG YOUR DATA WILL BE STORED<\/strong><br>If you leave a comment, the comment and its metadata are kept indefinitely. This allows subsequent comments to be automatically recognized and approved instead of being left in the moderation queue.<\/p>\n\n\n\n<p>For users who register on our site (where possible), we also store the personal data indicated in their profile. All users can view, modify or delete their personal information at any time (with the exception of their username). Site managers can also view and modify this information.<\/p>\n\n\n\n<p><strong>THE RIGHTS YOU HAVE OVER YOUR DATA<\/strong><br>If you have left comments on the site, you may request to receive a file containing all the personal data we hold about you, including that which you have provided to us. You can also request the deletion of your personal data. This does not include data stored for administrative, legal or security purposes.<\/p>\n\n\n\n<p>To request the deletion of your personal data, please send an e-mail to contact@aviationtrainingsolutions.fr<\/p>\n\n\n\n<p><strong>TRANSMISSION OF YOUR PERSONAL DATA<\/strong><br>Visitor comments can be checked using an automated spam detection service.<br>SAS A\u00e9ropyr\u00e9n\u00e9es is the sole recipient of personal data and does not transfer its customer file.<\/p>\n\n\n\n<h2 class=\"wp-block-heading\">CONTACT INFORMATION<\/h2>\n\n\n\n<p>For all inquiries, please contact us at :<\/p>\n\n\n\n<p>DATA SAS<br>31 rue de la Bruy\u00e8re<br>31860 Labarthe-sur-L\u00e8ze<br>contact@aviationtrainingsolutions.fr<\/p>\n","protected":false},"excerpt":{"rendered":"<p>IDENTITY OF THE DATA CONTROLLER Publication manager: SAS A\u00e9ropyr\u00e9n\u00e9es USE OF PERSONAL DATA COLLECTED CONTACT FORMThe information collected on the&#8230;<\/p>\n","protected":false},"author":1,"featured_media":0,"parent":0,"menu_order":0,"comment_status":"closed","ping_status":"closed","template":"","meta":{"footnotes":""},"class_list":["post-27078","page","type-page","status-publish"],"yoast_head":"<!-- This site is optimized with the Yoast SEO plugin v27.4 - https:\/\/yoast.com\/product\/yoast-seo-wordpress\/ -->\n<title>Privacy policy | Aviation Training Solutions<\/title>\n<meta name=\"robots\" content=\"index, follow, max-snippet:-1, max-image-preview:large, max-video-preview:-1\" \/>\n<link rel=\"canonical\" href=\"https:\/\/www.aviationtrainingsolutions.fr\/en\/politique-de-confidentialite\/\" \/>\n<meta property=\"og:locale\" content=\"en_US\" \/>\n<meta property=\"og:type\" content=\"article\" \/>\n<meta property=\"og:title\" content=\"Privacy policy | Aviation Training Solutions\" \/>\n<meta property=\"og:description\" content=\"IDENTITY OF THE DATA CONTROLLER Publication manager: SAS A\u00e9ropyr\u00e9n\u00e9es USE OF PERSONAL DATA COLLECTED CONTACT FORMThe information collected on the...\" \/>\n<meta property=\"og:url\" content=\"https:\/\/www.aviationtrainingsolutions.fr\/en\/politique-de-confidentialite\/\" \/>\n<meta property=\"og:site_name\" content=\"Aviation Training Solutions\" \/>\n<meta property=\"article:modified_time\" content=\"2024-01-05T13:54:46+00:00\" \/>\n<meta name=\"twitter:card\" content=\"summary_large_image\" \/>\n<meta name=\"twitter:label1\" content=\"Est. reading time\" \/>\n\t<meta name=\"twitter:data1\" content=\"4 minutes\" \/>\n<script type=\"application\/ld+json\" class=\"yoast-schema-graph\">{\"@context\":\"https:\\\/\\\/schema.org\",\"@graph\":[{\"@type\":\"WebPage\",\"@id\":\"https:\\\/\\\/www.aviationtrainingsolutions.fr\\\/en\\\/politique-de-confidentialite\\\/\",\"url\":\"https:\\\/\\\/www.aviationtrainingsolutions.fr\\\/en\\\/politique-de-confidentialite\\\/\",\"name\":\"Privacy policy | Aviation Training Solutions\",\"isPartOf\":{\"@id\":\"https:\\\/\\\/www.aviationtrainingsolutions.fr\\\/#website\"},\"datePublished\":\"2021-06-18T06:00:36+00:00\",\"dateModified\":\"2024-01-05T13:54:46+00:00\",\"breadcrumb\":{\"@id\":\"https:\\\/\\\/www.aviationtrainingsolutions.fr\\\/en\\\/politique-de-confidentialite\\\/#breadcrumb\"},\"inLanguage\":\"en-US\",\"potentialAction\":[{\"@type\":\"ReadAction\",\"target\":[\"https:\\\/\\\/www.aviationtrainingsolutions.fr\\\/en\\\/politique-de-confidentialite\\\/\"]}]},{\"@type\":\"BreadcrumbList\",\"@id\":\"https:\\\/\\\/www.aviationtrainingsolutions.fr\\\/en\\\/politique-de-confidentialite\\\/#breadcrumb\",\"itemListElement\":[{\"@type\":\"ListItem\",\"position\":1,\"name\":\"Home\",\"item\":\"https:\\\/\\\/www.aviationtrainingsolutions.fr\\\/\"},{\"@type\":\"ListItem\",\"position\":2,\"name\":\"Privacy policy\"}]},{\"@type\":\"WebSite\",\"@id\":\"https:\\\/\\\/www.aviationtrainingsolutions.fr\\\/#website\",\"url\":\"https:\\\/\\\/www.aviationtrainingsolutions.fr\\\/\",\"name\":\"Aviation Training Solutions\",\"description\":\"Digitalisez votre centre de formation\",\"publisher\":{\"@id\":\"https:\\\/\\\/www.aviationtrainingsolutions.fr\\\/#organization\"},\"potentialAction\":[{\"@type\":\"SearchAction\",\"target\":{\"@type\":\"EntryPoint\",\"urlTemplate\":\"https:\\\/\\\/www.aviationtrainingsolutions.fr\\\/?s={search_term_string}\"},\"query-input\":{\"@type\":\"PropertyValueSpecification\",\"valueRequired\":true,\"valueName\":\"search_term_string\"}}],\"inLanguage\":\"en-US\"},{\"@type\":\"Organization\",\"@id\":\"https:\\\/\\\/www.aviationtrainingsolutions.fr\\\/#organization\",\"name\":\"Aviation Training Solutions\",\"url\":\"https:\\\/\\\/www.aviationtrainingsolutions.fr\\\/\",\"logo\":{\"@type\":\"ImageObject\",\"inLanguage\":\"en-US\",\"@id\":\"https:\\\/\\\/www.aviationtrainingsolutions.fr\\\/#\\\/schema\\\/logo\\\/image\\\/\",\"url\":\"https:\\\/\\\/www.aviationtrainingsolutions.fr\\\/wp-content\\\/uploads\\\/2023\\\/06\\\/Image17.jpg\",\"contentUrl\":\"https:\\\/\\\/www.aviationtrainingsolutions.fr\\\/wp-content\\\/uploads\\\/2023\\\/06\\\/Image17.jpg\",\"width\":415,\"height\":124,\"caption\":\"Aviation Training Solutions\"},\"image\":{\"@id\":\"https:\\\/\\\/www.aviationtrainingsolutions.fr\\\/#\\\/schema\\\/logo\\\/image\\\/\"}}]}<\/script>\n<!-- \/ Yoast SEO plugin. -->","yoast_head_json":{"title":"Privacy policy | Aviation Training Solutions","robots":{"index":"index","follow":"follow","max-snippet":"max-snippet:-1","max-image-preview":"max-image-preview:large","max-video-preview":"max-video-preview:-1"},"canonical":"https:\/\/www.aviationtrainingsolutions.fr\/en\/politique-de-confidentialite\/","og_locale":"en_US","og_type":"article","og_title":"Privacy policy | Aviation Training Solutions","og_description":"IDENTITY OF THE DATA CONTROLLER Publication manager: SAS A\u00e9ropyr\u00e9n\u00e9es USE OF PERSONAL DATA COLLECTED CONTACT FORMThe information collected on the...","og_url":"https:\/\/www.aviationtrainingsolutions.fr\/en\/politique-de-confidentialite\/","og_site_name":"Aviation Training Solutions","article_modified_time":"2024-01-05T13:54:46+00:00","twitter_card":"summary_large_image","twitter_misc":{"Est. reading time":"4 minutes"},"schema":{"@context":"https:\/\/schema.org","@graph":[{"@type":"WebPage","@id":"https:\/\/www.aviationtrainingsolutions.fr\/en\/politique-de-confidentialite\/","url":"https:\/\/www.aviationtrainingsolutions.fr\/en\/politique-de-confidentialite\/","name":"Privacy policy | Aviation Training Solutions","isPartOf":{"@id":"https:\/\/www.aviationtrainingsolutions.fr\/#website"},"datePublished":"2021-06-18T06:00:36+00:00","dateModified":"2024-01-05T13:54:46+00:00","breadcrumb":{"@id":"https:\/\/www.aviationtrainingsolutions.fr\/en\/politique-de-confidentialite\/#breadcrumb"},"inLanguage":"en-US","potentialAction":[{"@type":"ReadAction","target":["https:\/\/www.aviationtrainingsolutions.fr\/en\/politique-de-confidentialite\/"]}]},{"@type":"BreadcrumbList","@id":"https:\/\/www.aviationtrainingsolutions.fr\/en\/politique-de-confidentialite\/#breadcrumb","itemListElement":[{"@type":"ListItem","position":1,"name":"Home","item":"https:\/\/www.aviationtrainingsolutions.fr\/"},{"@type":"ListItem","position":2,"name":"Privacy policy"}]},{"@type":"WebSite","@id":"https:\/\/www.aviationtrainingsolutions.fr\/#website","url":"https:\/\/www.aviationtrainingsolutions.fr\/","name":"Aviation Training Solutions","description":"Digitalisez votre centre de formation","publisher":{"@id":"https:\/\/www.aviationtrainingsolutions.fr\/#organization"},"potentialAction":[{"@type":"SearchAction","target":{"@type":"EntryPoint","urlTemplate":"https:\/\/www.aviationtrainingsolutions.fr\/?s={search_term_string}"},"query-input":{"@type":"PropertyValueSpecification","valueRequired":true,"valueName":"search_term_string"}}],"inLanguage":"en-US"},{"@type":"Organization","@id":"https:\/\/www.aviationtrainingsolutions.fr\/#organization","name":"Aviation Training Solutions","url":"https:\/\/www.aviationtrainingsolutions.fr\/","logo":{"@type":"ImageObject","inLanguage":"en-US","@id":"https:\/\/www.aviationtrainingsolutions.fr\/#\/schema\/logo\/image\/","url":"https:\/\/www.aviationtrainingsolutions.fr\/wp-content\/uploads\/2023\/06\/Image17.jpg","contentUrl":"https:\/\/www.aviationtrainingsolutions.fr\/wp-content\/uploads\/2023\/06\/Image17.jpg","width":415,"height":124,"caption":"Aviation Training Solutions"},"image":{"@id":"https:\/\/www.aviationtrainingsolutions.fr\/#\/schema\/logo\/image\/"}}]}},"_links":{"self":[{"href":"https:\/\/www.aviationtrainingsolutions.fr\/en\/wp-json\/wp\/v2\/pages\/27078","targetHints":{"allow":["GET"]}}],"collection":[{"href":"https:\/\/www.aviationtrainingsolutions.fr\/en\/wp-json\/wp\/v2\/pages"}],"about":[{"href":"https:\/\/www.aviationtrainingsolutions.fr\/en\/wp-json\/wp\/v2\/types\/page"}],"author":[{"embeddable":true,"href":"https:\/\/www.aviationtrainingsolutions.fr\/en\/wp-json\/wp\/v2\/users\/1"}],"replies":[{"embeddable":true,"href":"https:\/\/www.aviationtrainingsolutions.fr\/en\/wp-json\/wp\/v2\/comments?post=27078"}],"version-history":[{"count":1,"href":"https:\/\/www.aviationtrainingsolutions.fr\/en\/wp-json\/wp\/v2\/pages\/27078\/revisions"}],"predecessor-version":[{"id":27079,"href":"https:\/\/www.aviationtrainingsolutions.fr\/en\/wp-json\/wp\/v2\/pages\/27078\/revisions\/27079"}],"wp:attachment":[{"href":"https:\/\/www.aviationtrainingsolutions.fr\/en\/wp-json\/wp\/v2\/media?parent=27078"}],"curies":[{"name":"wp","href":"https:\/\/api.w.org\/{rel}","templated":true}]}}